{"id":1146,"date":"2014-10-25T10:42:14","date_gmt":"2014-10-25T08:42:14","guid":{"rendered":"http:\/\/relaunch.ullagoetz.de\/?page_id=1146"},"modified":"2015-01-22T00:34:27","modified_gmt":"2015-01-21T23:34:27","slug":"1146-2","status":"publish","type":"page","link":"https:\/\/www.ullagoetz.de\/en\/","title":{"rendered":"Home"},"content":{"rendered":"<p>[et_pb_section fullwidth=&#8221;off&#8221; specialty=&#8221;off&#8221; background_image=&#8221;https:\/\/www.ullagoetz.de\/wp-content\/uploads\/2014\/11\/ulla-Goetz_Background.jpg&#8221; transparent_background=&#8221;off&#8221; background_color=&#8221;#ffffff&#8221; inner_shadow=&#8221;off&#8221; parallax=&#8221;off&#8221; parallax_method=&#8221;off&#8221;][et_pb_row][et_pb_column type=&#8221;4_4&#8243;][et_pb_text admin_label=&#8221;Text&#8221; background_layout=&#8221;light&#8221; text_orientation=&#8221;left&#8221; module_id=&#8221;homelogo&#8221; module_class=&#8221;homelogo&#8221;]<\/p>\n<p><img loading=\"lazy\" class=\"aligncenter  wp-image-2394\" src=\"http:\/\/www.ullagoetz.de\/wp-content\/uploads\/2014\/10\/140930_UG_Logo_E_heller.png\" alt=\"140930_UG_Logo_E_heller\" width=\"513\" height=\"105\" srcset=\"https:\/\/www.ullagoetz.de\/wp-content\/uploads\/2014\/10\/140930_UG_Logo_E_heller.png 728w, https:\/\/www.ullagoetz.de\/wp-content\/uploads\/2014\/10\/140930_UG_Logo_E_heller-300x61.png 300w\" sizes=\"(max-width: 513px) 100vw, 513px\" \/><\/p>\n<p>[\/et_pb_text][\/et_pb_column][\/et_pb_row][\/et_pb_section][et_pb_section inner_shadow=&#8221;on&#8221; parallax=&#8221;on&#8221; background_color=&#8221;#ffffff&#8221; transparent_background=&#8221;off&#8221; parallax_method=&#8221;off&#8221;][et_pb_row][et_pb_column type=&#8221;1_4&#8243;][et_pb_blurb admin_label=&#8221;Blurb&#8221; image=&#8221;https:\/\/www.ullagoetz.de\/wp-content\/uploads\/2014\/01\/Home_Leistungen1.png&#8221; title=&#8221;Services&#8221; url_new_window=&#8221;off&#8221; background_layout=&#8221;light&#8221; text_orientation=&#8221;left&#8221; animation=&#8221;off&#8221; url=&#8221;\/en\/services\/&#8221; use_icon=&#8221;off&#8221; icon_color=&#8221;#4bb39c&#8221; use_circle=&#8221;off&#8221; circle_color=&#8221;#4bb39c&#8221; use_circle_border=&#8221;off&#8221; circle_border_color=&#8221;#4bb39c&#8221; icon_placement=&#8221;top&#8221;]<\/p>\n<p>Services range from nonbinding, individual consultancy through to the realization and comprehensive implementation of projects.<\/p>\n<p>[\/et_pb_blurb][\/et_pb_column][et_pb_column type=&#8221;1_4&#8243;][et_pb_blurb admin_label=&#8221;Blurb&#8221; image=&#8221;https:\/\/www.ullagoetz.de\/wp-content\/uploads\/2014\/01\/Home_Projektuebersicht.png&#8221; title=&#8221;Project Overview&#8221; url_new_window=&#8221;off&#8221; background_layout=&#8221;light&#8221; text_orientation=&#8221;left&#8221; url=&#8221;\/en\/projects\/&#8221; animation=&#8221;off&#8221; use_icon=&#8221;off&#8221; icon_color=&#8221;#4bb39c&#8221; use_circle=&#8221;off&#8221; circle_color=&#8221;#4bb39c&#8221; use_circle_border=&#8221;off&#8221; circle_border_color=&#8221;#4bb39c&#8221; icon_placement=&#8221;top&#8221;]<\/p>\n<p>Interior architecture, trade fair, event and exhibition design, furniture design, office and conference room design, creative apartment and house concepts , 3D visualization.<\/p>\n<p>[\/et_pb_blurb][\/et_pb_column][et_pb_column type=&#8221;1_4&#8243;][et_pb_blurb admin_label=&#8221;Blurb&#8221; image=&#8221;https:\/\/www.ullagoetz.de\/wp-content\/uploads\/2014\/01\/Home_Ulla_Goetz.png&#8221; title=&#8221;Ulla G\u00f6tz&#8221; url_new_window=&#8221;off&#8221; background_layout=&#8221;light&#8221; text_orientation=&#8221;left&#8221; url=&#8221;\/en\/ulla-goetz\/&#8221; animation=&#8221;off&#8221; use_icon=&#8221;off&#8221; icon_color=&#8221;#4bb39c&#8221; use_circle=&#8221;off&#8221; circle_color=&#8221;#4bb39c&#8221; use_circle_border=&#8221;off&#8221; circle_border_color=&#8221;#4bb39c&#8221; icon_placement=&#8221;top&#8221;]<\/p>\n<p>A creative and innovative interior architect and designer with over 20 years experience.<\/p>\n<p>[\/et_pb_blurb][\/et_pb_column][et_pb_column type=&#8221;1_4&#8243;][et_pb_blurb admin_label=&#8221;Blurb&#8221; image=&#8221;https:\/\/www.ullagoetz.de\/wp-content\/uploads\/2014\/01\/Home_Kontakt1.png&#8221; title=&#8221;Contact&#8221; url_new_window=&#8221;off&#8221; background_layout=&#8221;light&#8221; text_orientation=&#8221;left&#8221; url=&#8221;\/en\/contact\/&#8221; animation=&#8221;off&#8221; use_icon=&#8221;off&#8221; icon_color=&#8221;#4bb39c&#8221; use_circle=&#8221;off&#8221; circle_color=&#8221;#4bb39c&#8221; use_circle_border=&#8221;off&#8221; circle_border_color=&#8221;#4bb39c&#8221; icon_placement=&#8221;top&#8221;]<\/p>\n<p>Please do not hesitate to contact me in case of any questions.<\/p>\n<p>[\/et_pb_blurb][\/et_pb_column][\/et_pb_row][\/et_pb_section]<\/p>\n","protected":false},"excerpt":{"rendered":"<p><div class=\"et_pb_row et_pb_row_0 et_pb_row_empty\">\n\t\t\t\t\n\t\t\t\t\n\t\t\t\t\n\t\t\t<\/div> <div class=\"et_pb_row et_pb_row_1 et_pb_row_empty\">\n\t\t\t\t\n\t\t\t\t\n\t\t\t\t\n\t\t\t<\/div> Services range from nonbinding, individual consultancy through to the realization and comprehensive implementation of projects. Interior architecture, trade fair, event and exhibition design, furniture design, office and conference room design, creative apartment and house concepts , 3D visualization. A creative and innovative interior architect and designer with over 20 years experience. Please do [&hellip;]<\/p>\n","protected":false},"author":1,"featured_media":0,"parent":0,"menu_order":0,"comment_status":"closed","ping_status":"closed","template":"","meta":{"_et_pb_use_builder":"on","_et_pb_old_content":"<p>[et_pb_section fullwidth=\"on\" background_color=\"#ffffff\" inner_shadow=\"off\" parallax=\"off\"][et_pb_fullwidth_slider admin_label=\"Fullwidth Slider\" show_arrows=\"on\" show_pagination=\"on\" parallax=\"on\" auto=\"on\" auto_speed=\"7000\"][et_pb_slide background_color=\"#000000\" background_layout=\"dark\" image=\"https:\/\/www.ullagoetz.de\/wp-content\/uploads\/2014\/01\/Ulla_Goetz_Logo_dark.png\" alignment=\"center\" background_image=\"https:\/\/www.ullagoetz.de\/wp-content\/uploads\/2014\/01\/1680x1050.jpg\"]<\/p><p>\u00a0<\/p><p>\u00a0<\/p><p>\u00a0<\/p><p>\u00a0<\/p><p>\u00a0<\/p><p>\u00a0<\/p><p>\u00a0<\/p><p>\u00a0<\/p><p>[\/et_pb_slide][\/et_pb_fullwidth_slider][et_pb_fullwidth_slider admin_label=\"Fullwidth Slider\" show_arrows=\"on\" show_pagination=\"on\" auto=\"off\" parallax=\"off\" module_id=\"x\" \/][\/et_pb_section][et_pb_section inner_shadow=\"on\" parallax=\"on\" background_color=\"#d1d1d1\"][et_pb_row][et_pb_column type=\"1_4\"][et_pb_blurb admin_label=\"Blurb\" image=\"https:\/\/www.ullagoetz.de\/wp-content\/uploads\/2014\/04\/Photo_05.jpg\" title=\"Leistungsangebot\" url_new_window=\"off\" background_layout=\"light\" text_orientation=\"left\" animation=\"top\" url=\"\/leistungsangebot\/\"]<\/p><p>Unverbindliche, individuelle Beratung bis hin\u00a0zur Realisierung und der kompletten Abwicklung.<\/p><p>\u00a0<\/p><p>[\/et_pb_blurb][\/et_pb_column][et_pb_column type=\"1_4\"][et_pb_blurb admin_label=\"Blurb\" image=\"https:\/\/www.ullagoetz.de\/wp-content\/uploads\/2014\/04\/Photo_04.jpg\" title=\"Projekt\u00fcbersicht\" url_new_window=\"off\" background_layout=\"light\" text_orientation=\"left\" url=\"\/portfolio\/\" animation=\"top\"]<\/p><p>Kreative Raumkonzeptionen in 2d & 3d, M\u00f6beldesign, innovative Hauskonzepte, Sanierung von Wohnh\u00e4usern & Wohnungen, Baddesign, K\u00fcchendesign, M\u00f6beleinkauf-Beratung<\/p><p>\u00a0<\/p><p>[\/et_pb_blurb][\/et_pb_column][et_pb_column type=\"1_4\"][et_pb_blurb admin_label=\"Blurb\" image=\"https:\/\/www.ullagoetz.de\/wp-content\/uploads\/2014\/04\/Photo_03.jpg\" title=\"Referenzen\" url_new_window=\"off\" background_layout=\"light\" text_orientation=\"left\" url=\"\/referenzen\/\" animation=\"top\"]<\/p><p>Messedesign, Ladendesign, B\u00fcro- und Konferenzdesign, Design technischer Spezialm\u00f6bel, Markenkonzepte, Farbkonzepte, Lichtplanung, Designmanagement, Grafik<\/p><p>\u00a0<\/p><p>[\/et_pb_blurb][\/et_pb_column][et_pb_column type=\"1_4\"][et_pb_blurb admin_label=\"Blurb\" image=\"https:\/\/www.ullagoetz.de\/wp-content\/uploads\/2014\/01\/UllaGoetz_Portrait.jpg\" title=\"Ulla G\u00f6tz\" url_new_window=\"off\" background_layout=\"light\" text_orientation=\"left\" url=\"\/ulla-goetz\/\" animation=\"top\"]<\/p><p>Design f\u00fcr Flugh\u00e4fen Fluglinien, Hotel-und Gastronomie, Eventarchitektur, Ausstellungsgestaltung<\/p><p>\u00a0<\/p><p>[\/et_pb_blurb][\/et_pb_column][\/et_pb_row][\/et_pb_section][et_pb_section fullwidth=\"off\" background_color=\"#f4f4f4\" inner_shadow=\"off\" parallax=\"off\"][et_pb_row][et_pb_column type=\"4_4\"][et_pb_contact_form admin_label=\"Contact Form\" captcha=\"on\" \/][\/et_pb_column][\/et_pb_row][\/et_pb_section]<\/p><p>\u00a0<\/p>","_et_gb_content_width":""},"_links":{"self":[{"href":"https:\/\/www.ullagoetz.de\/en\/wp-json\/wp\/v2\/pages\/1146"}],"collection":[{"href":"https:\/\/www.ullagoetz.de\/en\/wp-json\/wp\/v2\/pages"}],"about":[{"href":"https:\/\/www.ullagoetz.de\/en\/wp-json\/wp\/v2\/types\/page"}],"author":[{"embeddable":true,"href":"https:\/\/www.ullagoetz.de\/en\/wp-json\/wp\/v2\/users\/1"}],"replies":[{"embeddable":true,"href":"https:\/\/www.ullagoetz.de\/en\/wp-json\/wp\/v2\/comments?post=1146"}],"version-history":[{"count":20,"href":"https:\/\/www.ullagoetz.de\/en\/wp-json\/wp\/v2\/pages\/1146\/revisions"}],"predecessor-version":[{"id":1928,"href":"https:\/\/www.ullagoetz.de\/en\/wp-json\/wp\/v2\/pages\/1146\/revisions\/1928"}],"wp:attachment":[{"href":"https:\/\/www.ullagoetz.de\/en\/wp-json\/wp\/v2\/media?parent=1146"}],"curies":[{"name":"wp","href":"https:\/\/api.w.org\/{rel}","templated":true}]}}